{"id":940,"date":"2020-01-14T11:31:11","date_gmt":"2020-01-14T10:31:11","guid":{"rendered":"https:\/\/www.worldgrafx.net\/contact\/legal-notice\/"},"modified":"2024-08-01T10:59:44","modified_gmt":"2024-08-01T08:59:44","slug":"legal-notice","status":"publish","type":"page","link":"https:\/\/www.happycar.at\/?page_id=940&lang=en","title":{"rendered":"Legal Notice"},"content":{"rendered":"<div class=\"fusion-fullwidth fullwidth-box fusion-builder-row-1 nonhundred-percent-fullwidth non-hundred-percent-height-scrolling\" style=\"--awb-border-radius-top-left:0px;--awb-border-radius-top-right:0px;--awb-border-radius-bottom-right:0px;--awb-border-radius-bottom-left:0px;--awb-flex-wrap:wrap;\" ><div class=\"fusion-builder-row fusion-row\"><div class=\"fusion-layout-column fusion_builder_column fusion-builder-column-0 fusion_builder_column_1_3 1_3 fusion-one-third fusion-column-first\" style=\"--awb-bg-size:cover;width:33.333333333333%;width:calc(33.333333333333% - ( ( 4% ) * 0.33333333333333 ) );margin-right: 4%;\"><div class=\"fusion-column-wrapper fusion-flex-column-wrapper-legacy\"><div class=\"fusion-text fusion-text-1\"><h4 class=\"fusion-responsive-typography-calculated\" data-fontsize=\"20\" data-lineheight=\"30px\">Legal Notice<\/h4>\n<p><strong>HCG Happycar Spedition GmbH<\/strong><br \/>Reichendorf 119<br \/>A-8212 Pischelsdorf<br \/>\u00d6sterreich<\/p>\n<p>M: +43 664 51 33 467<br \/>E:\u00a0<a href=\"mailto:office@happycar.at\">office@happycar.at<\/a><\/p>\n<p>Company registry number: 521784f<br \/>Company registry: Provincial Court of Graz<br \/>VAT ID number: ATU 74902858<\/p>\n<p><strong>Our Management<\/strong><br \/>Michaela Glaser<\/p>\n<p><strong>Webdesign<\/strong><br \/>WORLDGRAFX \u2013\u00a0<a href=\"https:\/\/www.worldgrafx.com\/\" target=\"_blank\" rel=\"noopener noreferrer\">www.worldgrafx.com<\/a><\/p>\n<\/div><div class=\"fusion-clearfix\"><\/div><\/div><\/div><div class=\"fusion-layout-column fusion_builder_column fusion-builder-column-1 fusion_builder_column_2_3 2_3 fusion-two-third fusion-column-last\" style=\"--awb-bg-size:cover;width:66.666666666667%;width:calc(66.666666666667% - ( ( 4% ) * 0.66666666666667 ) );\"><div class=\"fusion-column-wrapper fusion-flex-column-wrapper-legacy\"><div class=\"fusion-text fusion-text-2\"><h4>Urheberrecht<\/h4>\n<p><strong>\u00a9 COPYRIGHT <script>document.write(new Date().getFullYear());<\/script> &#8211; HCG Happycar Spedition GmbH.<\/strong> Alle Rechte vorbehalten. Die Inhalte dieser Website sind urheberrechtlich gesch\u00fctzt. Informationen auf dieser Website einschlie\u00dflich Texten, Bildern und Sounds, d\u00fcrfen nicht, sofern nicht ausdr\u00fccklich anders bestimmt, vervielf\u00e4ltigt, transferiert, vertrieben oder gespeichert werden ohne schriftliche Genehmigung der HCG Happycar Spedition GmbH. Modifikationen des Inhalts dieser Website sind ausdr\u00fccklich untersagt.<\/p>\n<h4>Haftungsausschluss<\/h4>\n<p>Obwohl bei der Zusammenstellung der auf unseren Webseiten enthaltenen Informationen gr\u00f6\u00dfte Sorgfalt angewandt wurde, k\u00f6nnen wir f\u00fcr die Aktualit\u00e4t, Richtigkeit oder Vollst\u00e4ndigkeit keine Gew\u00e4hr \u00fcbernehmen. Haftungsanspr\u00fcche gegen uns, die sich auf Sch\u00e4den materieller oder ideeller Art beziehen, welche durch die Nutzung oder Nichtnutzung der dargebotenen Informationen oder durch fehlerhafte und unvollst\u00e4ndige Informationen verursacht wurden, sind grunds\u00e4tzlich ausgeschlossen. Wir behalten uns \u00c4nderungen der Informationen auf diesem Server ohne vorherige Ank\u00fcndigung vor. Alle Angebote sind freibleibend und unverbindlich.<\/p>\n<h4>Datenschutz<\/h4>\n<p><a href=\"https:\/\/www.happycar.at\/?page_id=466\" rel=\"noopener noreferrer\">Datenschutzerklaerung<\/a><\/p>\n<h4>Bildnachweis<\/h4>\n<p>\u00a9 Adobe Stock<\/p>\n<\/div><div class=\"fusion-clearfix\"><\/div><\/div><\/div><\/div><\/div>\n","protected":false},"excerpt":{"rendered":"","protected":false},"author":1,"featured_media":0,"parent":938,"menu_order":0,"comment_status":"closed","ping_status":"closed","template":"","meta":{"footnotes":""},"class_list":["post-940","page","type-page","status-publish","hentry"],"_links":{"self":[{"href":"https:\/\/www.happycar.at\/index.php?rest_route=\/wp\/v2\/pages\/940"}],"collection":[{"href":"https:\/\/www.happycar.at\/index.php?rest_route=\/wp\/v2\/pages"}],"about":[{"href":"https:\/\/www.happycar.at\/index.php?rest_route=\/wp\/v2\/types\/page"}],"author":[{"embeddable":true,"href":"https:\/\/www.happycar.at\/index.php?rest_route=\/wp\/v2\/users\/1"}],"replies":[{"embeddable":true,"href":"https:\/\/www.happycar.at\/index.php?rest_route=%2Fwp%2Fv2%2Fcomments&post=940"}],"version-history":[{"count":11,"href":"https:\/\/www.happycar.at\/index.php?rest_route=\/wp\/v2\/pages\/940\/revisions"}],"predecessor-version":[{"id":1034,"href":"https:\/\/www.happycar.at\/index.php?rest_route=\/wp\/v2\/pages\/940\/revisions\/1034"}],"up":[{"embeddable":true,"href":"https:\/\/www.happycar.at\/index.php?rest_route=\/wp\/v2\/pages\/938"}],"wp:attachment":[{"href":"https:\/\/www.happycar.at\/index.php?rest_route=%2Fwp%2Fv2%2Fmedia&parent=940"}],"curies":[{"name":"wp","href":"https:\/\/api.w.org\/{rel}","templated":true}]}}