{"id":9,"date":"2018-03-23T12:21:58","date_gmt":"2018-03-23T11:21:58","guid":{"rendered":"https:\/\/www.worldgrafx.net\/?page_id=9"},"modified":"2024-08-01T10:44:52","modified_gmt":"2024-08-01T08:44:52","slug":"home","status":"publish","type":"page","link":"https:\/\/www.happycar.at\/","title":{"rendered":"Home"},"content":{"rendered":"<div class=\"fusion-fullwidth fullwidth-box fusion-builder-row-1 nonhundred-percent-fullwidth non-hundred-percent-height-scrolling\" style=\"--awb-border-radius-top-left:0px;--awb-border-radius-top-right:0px;--awb-border-radius-bottom-right:0px;--awb-border-radius-bottom-left:0px;--awb-flex-wrap:wrap;\" ><div class=\"fusion-builder-row fusion-row\"><div class=\"fusion-layout-column fusion_builder_column fusion-builder-column-0 fusion_builder_column_1_1 1_1 fusion-one-full fusion-column-first fusion-column-last\" style=\"--awb-bg-size:cover;\"><div class=\"fusion-column-wrapper fusion-flex-column-wrapper-legacy\"><div class=\"fusion-title title fusion-title-1 fusion-sep-none fusion-title-text fusion-title-size-one\" style=\"--awb-margin-bottom:20px;--awb-sep-color:#999999;\"><h1 class=\"fusion-title-heading title-heading-left\" style=\"margin:0;\">WILLKOMMEN BEI DER HCG HAPPYCAR SPEDITION GMBH<\/h1><\/div><div class=\"fusion-text fusion-text-1\" style=\"--awb-text-transform:none;\"><p><strong>Innovation und Flexibilit\u00e4t zeichnen unsere Arbeit aus.<\/strong><\/p>\n<p>Wir sind ein Unternehmen mit langj\u00e4hriger Erfahrung und freuen uns \u00fcber gro\u00dfe Kundenzufriedenheit.<\/p>\n<p>Als modernes, mittelst\u00e4ndiges und inhabergef\u00fchrtes Speditionsunternehmen konzentrieren wir uns auf das Machbare. So sind wir in der Lage schnell, flexibel und europaweit auf jeden Auftrag zu reagieren. Zuverl\u00e4ssigkeit und Termintreue sind uns f\u00fcr unsere Kunden au\u00dferordentlich wichtig und das setzt f\u00fcr uns eine 24-Stunden-Erreichbarkeit, 365 Tage im Jahr, voraus. F\u00fcr die Erbringung von Logistikdienstleistungen ist Vertrauen ein wichtiger Bestandteil und der Grundstein f\u00fcr eine partnerschaftliche Zusammenarbeit. Auch deshalb ist offene und ehrliche Kommunikation ein wichtiger Teil unserer Firmenphilosophie.<\/p>\n<\/div><div class=\"fusion-clearfix\"><\/div><\/div><\/div><\/div><\/div>\n","protected":false},"excerpt":{"rendered":"","protected":false},"author":1,"featured_media":0,"parent":0,"menu_order":0,"comment_status":"closed","ping_status":"closed","template":"","meta":{"footnotes":""},"class_list":["post-9","page","type-page","status-publish","hentry"],"_links":{"self":[{"href":"https:\/\/www.happycar.at\/index.php?rest_route=\/wp\/v2\/pages\/9"}],"collection":[{"href":"https:\/\/www.happycar.at\/index.php?rest_route=\/wp\/v2\/pages"}],"about":[{"href":"https:\/\/www.happycar.at\/index.php?rest_route=\/wp\/v2\/types\/page"}],"author":[{"embeddable":true,"href":"https:\/\/www.happycar.at\/index.php?rest_route=\/wp\/v2\/users\/1"}],"replies":[{"embeddable":true,"href":"https:\/\/www.happycar.at\/index.php?rest_route=%2Fwp%2Fv2%2Fcomments&post=9"}],"version-history":[{"count":24,"href":"https:\/\/www.happycar.at\/index.php?rest_route=\/wp\/v2\/pages\/9\/revisions"}],"predecessor-version":[{"id":1017,"href":"https:\/\/www.happycar.at\/index.php?rest_route=\/wp\/v2\/pages\/9\/revisions\/1017"}],"wp:attachment":[{"href":"https:\/\/www.happycar.at\/index.php?rest_route=%2Fwp%2Fv2%2Fmedia&parent=9"}],"curies":[{"name":"wp","href":"https:\/\/api.w.org\/{rel}","templated":true}]}}