{"id":813,"date":"2019-12-30T09:11:54","date_gmt":"2019-12-30T08:11:54","guid":{"rendered":"https:\/\/www.worldgrafx.net\/?page_id=813"},"modified":"2024-08-01T10:49:17","modified_gmt":"2024-08-01T08:49:17","slug":"leistungen","status":"publish","type":"page","link":"https:\/\/www.happycar.at\/?page_id=813","title":{"rendered":"Leistungen"},"content":{"rendered":"<div class=\"fusion-fullwidth fullwidth-box fusion-builder-row-1 nonhundred-percent-fullwidth non-hundred-percent-height-scrolling\" style=\"--awb-border-radius-top-left:0px;--awb-border-radius-top-right:0px;--awb-border-radius-bottom-right:0px;--awb-border-radius-bottom-left:0px;--awb-flex-wrap:wrap;\" ><div class=\"fusion-builder-row fusion-row\"><div class=\"fusion-layout-column fusion_builder_column fusion-builder-column-0 fusion_builder_column_1_1 1_1 fusion-one-full fusion-column-first fusion-column-last\" style=\"--awb-bg-size:cover;\"><div class=\"fusion-column-wrapper fusion-column-has-shadow fusion-flex-column-wrapper-legacy\"><div class=\"fusion-title title fusion-title-1 fusion-sep-none fusion-title-text fusion-title-size-two\"><h2 class=\"fusion-title-heading title-heading-left\" style=\"margin:0;\">LEISTUNGEN<\/h2><\/div><div class=\"fusion-text fusion-text-1\" style=\"--awb-text-transform:none;\"><p>Wir bieten Ihnen:<\/p>\n<ul>\n<li>Termin-,<\/li>\n<li>Express-,<\/li>\n<li>Spezial-,<\/li>\n<li>Luft-,<\/li>\n<li>See- und<\/li>\n<li>Sondertransporte,<\/li>\n<li>Nachtexpress,<\/li>\n<li>Europaweites 24h-Zustell- und Abholservice,<\/li>\n<li>Sammelgut- und Komplettladungen<\/li>\n<\/ul>\n<p>Egal was Sie transportieren wollen, wir l\u00f6sen jedes Transportproblem als Ihr kompetenter Partner.<\/p>\n<h3>Spedition<\/h3>\n<p>Als Spedition finden wir f\u00fcr Sie die besten Transportl\u00f6sungen.<br \/>Wir verf\u00fcgen \u00fcber ein europaweites Netzwerk von Partnern, so k\u00f6nnen wir Ihre Transporte in ganz Europa flexibel, termingerecht und zuverl\u00e4ssig durchf\u00fchren.<\/p>\n<h3>Track &amp; Trace<\/h3>\n<p>So k\u00f6nnen Sie sich einfach und schnell \u00fcber den Status Ihrer Sendung informieren. Mit unserem Track &amp; Trace System behalten Sie Ihre Fracht im Blick und k\u00f6nnen jederzeit den Status Ihrer Sendung einsehen.<\/p>\n<p><strong>Rufen Sie uns an!<\/strong><br \/><em>Wir finden eine individuelle L\u00f6sung f\u00fcr Ihren Transport.<\/em><\/p>\n<\/div><div class=\"fusion-clearfix\"><\/div><\/div><\/div><\/div><\/div>\n","protected":false},"excerpt":{"rendered":"","protected":false},"author":1,"featured_media":0,"parent":0,"menu_order":0,"comment_status":"closed","ping_status":"closed","template":"","meta":{"footnotes":""},"class_list":["post-813","page","type-page","status-publish","hentry"],"_links":{"self":[{"href":"https:\/\/www.happycar.at\/index.php?rest_route=\/wp\/v2\/pages\/813"}],"collection":[{"href":"https:\/\/www.happycar.at\/index.php?rest_route=\/wp\/v2\/pages"}],"about":[{"href":"https:\/\/www.happycar.at\/index.php?rest_route=\/wp\/v2\/types\/page"}],"author":[{"embeddable":true,"href":"https:\/\/www.happycar.at\/index.php?rest_route=\/wp\/v2\/users\/1"}],"replies":[{"embeddable":true,"href":"https:\/\/www.happycar.at\/index.php?rest_route=%2Fwp%2Fv2%2Fcomments&post=813"}],"version-history":[{"count":7,"href":"https:\/\/www.happycar.at\/index.php?rest_route=\/wp\/v2\/pages\/813\/revisions"}],"predecessor-version":[{"id":1015,"href":"https:\/\/www.happycar.at\/index.php?rest_route=\/wp\/v2\/pages\/813\/revisions\/1015"}],"wp:attachment":[{"href":"https:\/\/www.happycar.at\/index.php?rest_route=%2Fwp%2Fv2%2Fmedia&parent=813"}],"curies":[{"name":"wp","href":"https:\/\/api.w.org\/{rel}","templated":true}]}}