{"id":466,"date":"2018-11-26T09:46:56","date_gmt":"2018-11-26T08:46:56","guid":{"rendered":"https:\/\/www.worldgrafx.net\/?page_id=466"},"modified":"2024-08-01T10:46:54","modified_gmt":"2024-08-01T08:46:54","slug":"datenschutzerklaerung","status":"publish","type":"page","link":"https:\/\/www.happycar.at\/?page_id=466","title":{"rendered":"Datenschutzerkl\u00e4rung"},"content":{"rendered":"<div class=\"fusion-fullwidth fullwidth-box fusion-builder-row-1 nonhundred-percent-fullwidth non-hundred-percent-height-scrolling\" style=\"--awb-border-radius-top-left:0px;--awb-border-radius-top-right:0px;--awb-border-radius-bottom-right:0px;--awb-border-radius-bottom-left:0px;--awb-flex-wrap:wrap;\" ><div class=\"fusion-builder-row fusion-row\"><div class=\"fusion-layout-column fusion_builder_column fusion-builder-column-0 fusion_builder_column_1_1 1_1 fusion-one-full fusion-column-first fusion-column-last\" style=\"--awb-bg-size:cover;\"><div class=\"fusion-column-wrapper fusion-flex-column-wrapper-legacy\"><div class=\"fusion-text fusion-text-1\"><h2 class=\"fusion-responsive-typography-calculated\" data-fontsize=\"24\" data-lineheight=\"36px\">DATENSCHUTZERKL\u00c4RUNG<\/h2>\n<h3 class=\"\" data-fontsize=\"40\" data-lineheight=\"48px\">Einleitung<\/h3>\n<p>Mit der folgenden Datenschutzerkl\u00e4rung m\u00f6chten wir Sie dar\u00fcber aufkl\u00e4ren, welche Arten Ihrer personenbezogenen Daten (nachfolgend auch kurz als \u201eDaten\u201c bezeichnet) wir zu welchen Zwecken und in welchem Umfang verarbeiten. Die Datenschutzerkl\u00e4rung gilt f\u00fcr alle von uns durchgef\u00fchrten Verarbeitungen personenbezogener Daten, sowohl im Rahmen der Erbringung unserer Leistungen als auch insbesondere auf unseren Webseiten, mobil, als auch innerhalb externer Onlinepr\u00e4senzen, wie z.B. unserer Social-Media-Profile (nachfolgend zusammenfassend bezeichnet als \u201eOnlineangebot\u201c).<\/p>\n<p>Die verwendeten Begriffe sind nicht geschlechtsspezifisch.<\/p>\n<p><strong>Stand: 21.08.2022<\/strong><\/p>\n<h3 class=\"fusion-responsive-typography-calculated\" data-fontsize=\"20\" data-lineheight=\"30px\">Verantwortlicher im Sinne der Datenschutzgrundverordnung ist die:<\/h3>\n<p><strong>HCG Happycar Spedition GmbH<\/strong><br \/>\nReichendorf 119<br \/>\nA-8212 Pischelsdorf<br \/>\nM: +43 664 51 33 467<\/p>\n<p><strong>Vertretungsberechtigte Personen:<\/strong> Michaela Glaser<\/p>\n<p><strong>E-Mail-Adresse:<\/strong> office@happycar.at<\/p>\n<p><strong>Impressum:<\/strong>\u00a0<a href=\"https:\/\/www.happycar.at\/?page_id=19\">https:\/\/www.happycar.at\/?page_id=19<\/a><\/p>\n<p>Der Schutz und die Sicherheit Ihrer pers\u00f6nlichen Daten ist uns ein besonderes Anliegen. Wir verarbeiten Ihre Daten daher ausschlie\u00dflich auf Grundlage der gesetzlichen Bestimmungen (DSGVO, TKG 2003). In diesen Datenschutzinformationen informieren wir Sie \u00fcber die wichtigsten Aspekte der Datenverarbeitung im Rahmen unserer Website.<\/p>\n<h3 class=\"fusion-responsive-typography-calculated\" data-fontsize=\"20\" data-lineheight=\"30px\">Verwendungszweck<\/h3>\n<p>Die gesammelten personenbezogenen Daten ben\u00f6tigen wir f\u00fcr die Vertragserf\u00fcllung im Zuge Ihrer Buchung bzw. Bestellung. Die Daten werden hierf\u00fcr erhoben, gespeichert, verarbeitet und genutzt.<\/p>\n<h3 class=\"fusion-responsive-typography-calculated\" data-fontsize=\"20\" data-lineheight=\"30px\">Rechtliche Grundlage<\/h3>\n<p>Die rechtlichen Grundlagen f\u00fcr die Verarbeitung von Ihren personenbezogenen Daten sind die Vertragserf\u00fcllung, berechtigte Interessen und die Erf\u00fcllung von rechtlichen bzw vertraglichen Verpflichtungen. Zudem verarbeiten wir Daten, die wir von Vertragspartnern aufgrund einer Anfrage Ihrerseits zul\u00e4ssigerweise erhalten haben. Die Verarbeitung erfolgt gem \u00a7 96 Abs 3 TKG sowie des Art 6 DSGVO.<\/p>\n<h3 class=\"fusion-responsive-typography-calculated\" data-fontsize=\"20\" data-lineheight=\"30px\">Automatisierte Datenerhebung<\/h3>\n<p>Beim blo\u00df informatorischen Besuch unserer Internet-Webseite, also wenn Sie sich nicht zur Nutzung unserer Services registrieren oder uns sonst Informationen \u00fcbermitteln, \u00fcbermittelt Ihr Internetbrowser bzw. Ihr Mobilger\u00e4t aus technischen Gr\u00fcnden regelm\u00e4\u00dfig automatisch nicht-personenbezogene Daten (u.a. Datum und Uhrzeit der Anfrage, Inhalt der Anforderung (konkrete Seite), Zugriffsstatus\/HTTP- Statuscode, jeweils \u00fcbertragene Datenmenge), die wir in einer Protokolldatei speichern. Diese Daten werden ausschlie\u00dflich aus technischen Gr\u00fcnden zur Sicherstellung eines st\u00f6rungsfreien Betriebs der Webseite zur Verbesserung unseres Angebots gespeichert und ausgewertet, erlauben uns aber keinen R\u00fcckschluss auf Ihre Person.<\/p>\n<h3 class=\"fusion-responsive-typography-calculated\" data-fontsize=\"20\" data-lineheight=\"30px\">Erhebung personenbezogener Daten<\/h3>\n<p>Unsere Internetseiten enthalten aufgrund von gesetzlichen Vorschriften Angaben, die eine schnelle elektronische Kontaktaufnahme zu unserem Unternehmen sowie eine unmittelbare Kommunikation mit uns erm\u00f6glichen, was ebenfalls eine allgemeine Adresse der sogenannten elektronischen Post (E-Mail-Adresse) umfasst. Sofern eine betroffene Person per E-Mail oder \u00fcber ein Kontaktformular den Kontakt mit dem f\u00fcr die Verarbeitung Verantwortlichen aufnimmt, werden die von der betroffenen Person \u00fcbermittelten personenbezogenen Daten automatisch gespeichert. Solche auf freiwilliger Basis von einer betroffenen Person an den f\u00fcr die Verarbeitung Verantwortlichen \u00fcbermittelten personenbezogenen Daten werden f\u00fcr Zwecke der Bearbeitung oder der Kontaktaufnahme zur betroffenen Person gespeichert. Es erfolgt keine Weitergabe dieser personenbezogenen Daten an Dritte.<\/p>\n<h3 class=\"fusion-responsive-typography-calculated\" data-fontsize=\"20\" data-lineheight=\"30px\">Wir verwenden folgende Daten<\/h3>\n<p><strong>Allgemeine Daten \u2013 schlie\u00dfen Sie mit uns einen Vertrag ab, so verarbeiten wir folgende Daten:<\/strong><\/p>\n<ul>\n<li>Ihre Stammdaten: Familien- und Vorname, akademischer Grad, Adresse und Kontakt-Informationen (z.B. E-Mail Adresse, Telefonnummer), Informationen \u00fcber Art und Inhalt unseres Vertragsverh\u00e4ltnisses.<\/li>\n<li>Sonstige personenbezogene Daten, die Sie oder Dritte uns mit Ihren Einverst\u00e4ndnis oder sonst zul\u00e4ssigerweise bei Vertragsanbahnung oder w\u00e4hrend des Vertragsverh\u00e4ltnisses zur Verf\u00fcgung stellen, das sind: Geburtsdatum bzw. Alter, Familienstand, Geschlecht. Unter diesen Begriff fallen keine datenschutzrechtlich sensiblen Daten, das sind insbesondere rassische und ethnische Herkunft, politische Meinungen, religi\u00f6se oder weltanschauliche \u00dcberzeugungen, Gewerkschaftszugeh\u00f6rigkeit, genetische oder Gesundheitsdaten.<\/li>\n<\/ul>\n<h3 class=\"fusion-responsive-typography-calculated\" data-fontsize=\"20\" data-lineheight=\"30px\">Verarbeitung<\/h3>\n<p>Entsprechend Art 6 DSGVO werden Sie dar\u00fcber informiert, dass wir mit Ihrer Zustimmung, die durch den Dienst erhobenen personenbezogenen Informationen verarbeiten und zur Vornahme folgender Handlungen verwenden:<\/p>\n<ul class=\"list-normal\">\n<li>um unser Service und unseren Support bereitzustellen und zu verbessern;<\/li>\n<li>um Kontakt mit Ihnen aufzunehmen;<\/li>\n<li>um den Dienst zu personalisieren und die von Ihnen ausgew\u00e4hlten Inhalte zur Verf\u00fcgung zu stellen;<\/li>\n<li>um Sie einzuladen, an Umfragen oder \u00e4hnlichen Werbeaktionen teilzunehmen;<\/li>\n<li>f\u00fcr Datenanalysen;<\/li>\n<li>f\u00fcr interne Pr\u00fcfungen;<\/li>\n<li>f\u00fcr die Entwicklung neuer Produkte;<\/li>\n<li>f\u00fcr die Feststellung von Trends bei der Nutzung;<\/li>\n<li>um Sicherheitsbedrohungen, Betrug und andere b\u00f6swillige Aktivit\u00e4ten zu verhindern und festzustellen; um unseren gesetzlichen Verpflichtungen nachzukommen und unsere Vereinbarungen durchzusetzen;<\/li>\n<li>zu Absicherung des Online-Zuganges;<\/li>\n<li>zur Erstellung von Abrechnungen und Statistiken \u00fcber das Zugriffsverhalten (z.B. Anzahl der Zugriffe auf eine Quelle, Anzahl der Zugriffe des Kunden insgesamt und pro Quelle, \u00c4nderungen in der Zugriffsfrequenz);<\/li>\n<\/ul>\n<h3 class=\"fusion-responsive-typography-calculated\" data-fontsize=\"20\" data-lineheight=\"30px\">Speicherdauer<\/h3>\n<p>Wir verarbeiten Ihre personenbezogenen Daten f\u00fcr die Dauer der gesamten Gesch\u00e4ftsbeziehung (von der Anbahnung, Abwicklung bis zur Beendigung eines Vertrags) sowie dar\u00fcber hinaus gem\u00e4\u00df den gesetzlichen Aufbewahrungs- und Dokumentationspflichten sowie zu Beweiszwecken in Anlassf\u00e4llen. Danach werden die Daten gel\u00f6scht und vernichtet.<\/p>\n<h3 class=\"fusion-responsive-typography-calculated\" data-fontsize=\"20\" data-lineheight=\"30px\">Cookies<\/h3>\n<p>Unsere Website verwendet so genannte Cookies. Dabei handelt es sich um kleine Textdateien, die mit Hilfe des Browsers auf Ihrem Endger\u00e4t abgelegt werden. Sie richten keinen Schaden an. Wir nutzen Cookies dazu, unser Angebot nutzerfreundlich zu gestalten. Einige Cookies bleiben auf Ihrem Endger\u00e4t gespeichert, bis Sie diese l\u00f6schen. Sie erm\u00f6glichen es uns, Ihren Browser beim n\u00e4chsten Besuch wiederzuerkennen. Wenn Sie dies nicht w\u00fcnschen, so k\u00f6nnen Sie Ihren Browser so einrichten, dass er Sie \u00fcber das Setzen von Cookies informiert und Sie dies nur im Einzelfall erlauben. Bei der Deaktivierung von Cookies kann die Funktionalit\u00e4t unserer Website eingeschr\u00e4nkt sein.<\/p>\n<h3 class=\"fusion-responsive-typography-calculated\" data-fontsize=\"20\" data-lineheight=\"30px\">SSL-Verschl\u00fcsselung<\/h3>\n<p>Diese Seite nutzt aus Gr\u00fcnden der Sicherheit und zum Schutz der \u00dcbertragung vertraulicher Inhalte, wie zum Beispiel der Anfragen, die Sie an uns als Seitenbetreiber senden, eine SSL-Verschl\u00fcsselung. Eine verschl\u00fcsselte Verbindung erkennen Sie daran, dass die Adresszeile des Browsers von \u201chttp:\/\/\u201d auf \u201chttps:\/\/\u201d wechselt und an dem Schloss-Symbol in Ihrer Browserzeile. Wenn die SSL Verschl\u00fcsselung aktiviert ist, k\u00f6nnen die Daten, die Sie an uns \u00fcbermitteln, nicht von Dritten mitgelesen werden.<\/p>\n<h3 class=\"fusion-responsive-typography-calculated\" data-fontsize=\"20\" data-lineheight=\"30px\">Links zu Webseiten anderer Anbieter<\/h3>\n<p><strong>Keine Haftung f\u00fcr verlinkte Partner-Online-Angebote<\/strong><br \/>\nUnsere Webseiten k\u00f6nnen Links zu Webseiten anderer Anbieter enthalten, auf die sich diese Datenschutzerkl\u00e4rung nicht erstreckt. Soweit mit der Nutzung der Internetseiten anderer Anbieter die Erhebung, Verarbeitung oder Nutzung personenbezogener Daten verbunden ist, beachten Sie bitte die Datenschutzhinweise der jeweiligen Anbieter.<\/p>\n<h3 class=\"fusion-responsive-typography-calculated\" data-fontsize=\"20\" data-lineheight=\"30px\">Keine Daten\u00fcbermittlungen an Dritte<\/h3>\n<p>Eine \u00dcbermittlung Ihrer Daten an Dritte findet nicht statt, es sei denn, wir sind gesetzlich dazu verpflichtet. Soweit externe Dienstleister mit Ihren personenbezogenen Daten in Ber\u00fchrung kommen, haben wir durch rechtliche, technische und organisatorische Ma\u00dfnahmen sowie durch regelm\u00e4\u00dfige Kontrollen sichergestellt, dass diese die Vorschriften der Datenschutzgesetze einhalten.<\/p>\n<h3 class=\"fusion-responsive-typography-calculated\" data-fontsize=\"20\" data-lineheight=\"30px\">Datensicherheit<\/h3>\n<p>Der Verantwortliche setzt technische und organisatorische Sicherheitsma\u00dfnahmen ein, um die gespeicherten personenbezogenen Daten gegen zuf\u00e4llige oder vors\u00e4tzliche Manipulation, Verlust oder Zerst\u00f6rung und gegen den Zugriff unberechtigter Personen zu sch\u00fctzen. Unsere Sicherheitsma\u00dfnahmen werden entsprechend des technischen Fortschritts fortlaufend verbessert.<\/p>\n<h3 id=\"m10\" class=\"\" data-fontsize=\"40\" data-lineheight=\"48px\">Rechte der betroffenen Personen<\/h3>\n<p>Ihnen stehen als Betroffene nach der DSGVO verschiedene Rechte zu, die sich insbesondere aus Art. 15 bis 21 DSGVO ergeben:<\/p>\n<ul>\n<li><strong>Widerspruchsrecht: Sie haben das Recht, aus Gr\u00fcnden, die sich aus Ihrer besonderen Situation ergeben, jederzeit gegen die Verarbeitung der Sie betreffenden personenbezogenen Daten, die aufgrund von Art. 6 Abs. 1 lit. e oder f DSGVO erfolgt, Widerspruch einzulegen; dies gilt auch f\u00fcr ein auf diese Bestimmungen gest\u00fctztes Profiling. Werden die Sie betreffenden personenbezogenen Daten verarbeitet, um Direktwerbung zu betreiben, haben Sie das Recht, jederzeit Widerspruch gegen die Verarbeitung der Sie betreffenden personenbezogenen Daten zum Zwecke derartiger Werbung einzulegen; dies gilt auch f\u00fcr das Profiling, soweit es mit solcher Direktwerbung in Verbindung steht.<\/strong><\/li>\n<li><strong>Widerrufsrecht bei Einwilligungen:<\/strong>\u00a0Sie haben das Recht, erteilte Einwilligungen jederzeit zu widerrufen.<\/li>\n<li><strong>Auskunftsrecht:<\/strong>\u00a0Sie haben das Recht, eine Best\u00e4tigung dar\u00fcber zu verlangen, ob betreffende Daten verarbeitet werden und auf Auskunft \u00fcber diese Daten sowie auf weitere Informationen und Kopie der Daten entsprechend den gesetzlichen Vorgaben.<\/li>\n<li><strong>Recht auf Berichtigung:<\/strong>\u00a0Sie haben entsprechend den gesetzlichen Vorgaben das Recht, die Vervollst\u00e4ndigung der Sie betreffenden Daten oder die Berichtigung der Sie betreffenden unrichtigen Daten zu verlangen.<\/li>\n<li><strong>Recht auf L\u00f6schung und Einschr\u00e4nkung der Verarbeitung:<\/strong>\u00a0Sie haben nach Ma\u00dfgabe der gesetzlichen Vorgaben das Recht, zu verlangen, dass Sie betreffende Daten unverz\u00fcglich gel\u00f6scht werden, bzw. alternativ nach Ma\u00dfgabe der gesetzlichen Vorgaben eine Einschr\u00e4nkung der Verarbeitung der Daten zu verlangen.<\/li>\n<li><strong>Recht auf Daten\u00fcbertragbarkeit:<\/strong>\u00a0Sie haben das Recht, Sie betreffende Daten, die Sie uns bereitgestellt haben, nach Ma\u00dfgabe der gesetzlichen Vorgaben in einem strukturierten, g\u00e4ngigen und maschinenlesbaren Format zu erhalten oder deren \u00dcbermittlung an einen anderen Verantwortlichen zu fordern.<\/li>\n<li><strong>Beschwerde bei Aufsichtsbeh\u00f6rde:<\/strong>\u00a0Sie haben ferner nach Ma\u00dfgabe der gesetzlichen Vorgaben das Recht, bei einer Aufsichtsbeh\u00f6rde, insbesondere in dem Mitgliedstaat Ihres gew\u00f6hnlichen Aufenthaltsorts, Ihres Arbeitsplatzes oder des Orts des mutma\u00dflichen Versto\u00dfes Beschwerde einzulegen, wenn Sie der Ansicht sind, dass die Verarbeitung der Sie betreffenden personenbezogenen Daten gegen die DSGVO verst\u00f6\u00dft.<\/li>\n<\/ul>\n<h3 id=\"m15\" class=\"\" data-fontsize=\"40\" data-lineheight=\"48px\">\u00c4nderung und Aktualisierung der Datenschutzerkl\u00e4rung<\/h3>\n<p>Wir behalten uns das Recht vor, diese Datenschutzerkl\u00e4rung jederzeit unter Beachtung der geltenden Datenschutzvorschriften zu \u00e4ndern.<\/p>\n<\/div><div class=\"fusion-clearfix\"><\/div><\/div><\/div><\/div><\/div>\n","protected":false},"excerpt":{"rendered":"","protected":false},"author":1,"featured_media":0,"parent":0,"menu_order":0,"comment_status":"closed","ping_status":"closed","template":"","meta":{"footnotes":""},"class_list":["post-466","page","type-page","status-publish","hentry"],"_links":{"self":[{"href":"https:\/\/www.happycar.at\/index.php?rest_route=\/wp\/v2\/pages\/466"}],"collection":[{"href":"https:\/\/www.happycar.at\/index.php?rest_route=\/wp\/v2\/pages"}],"about":[{"href":"https:\/\/www.happycar.at\/index.php?rest_route=\/wp\/v2\/types\/page"}],"author":[{"embeddable":true,"href":"https:\/\/www.happycar.at\/index.php?rest_route=\/wp\/v2\/users\/1"}],"replies":[{"embeddable":true,"href":"https:\/\/www.happycar.at\/index.php?rest_route=%2Fwp%2Fv2%2Fcomments&post=466"}],"version-history":[{"count":5,"href":"https:\/\/www.happycar.at\/index.php?rest_route=\/wp\/v2\/pages\/466\/revisions"}],"predecessor-version":[{"id":1025,"href":"https:\/\/www.happycar.at\/index.php?rest_route=\/wp\/v2\/pages\/466\/revisions\/1025"}],"wp:attachment":[{"href":"https:\/\/www.happycar.at\/index.php?rest_route=%2Fwp%2Fv2%2Fmedia&parent=466"}],"curies":[{"name":"wp","href":"https:\/\/api.w.org\/{rel}","templated":true}]}}