{"id":19,"date":"2018-03-23T12:43:46","date_gmt":"2018-03-23T11:43:46","guid":{"rendered":"https:\/\/www.worldgrafx.net\/?page_id=19"},"modified":"2024-08-01T10:48:52","modified_gmt":"2024-08-01T08:48:52","slug":"impressum","status":"publish","type":"page","link":"https:\/\/www.happycar.at\/?page_id=19","title":{"rendered":"Impressum"},"content":{"rendered":"<div class=\"fusion-fullwidth fullwidth-box fusion-builder-row-1 nonhundred-percent-fullwidth non-hundred-percent-height-scrolling\" style=\"--awb-border-radius-top-left:0px;--awb-border-radius-top-right:0px;--awb-border-radius-bottom-right:0px;--awb-border-radius-bottom-left:0px;--awb-flex-wrap:wrap;\" ><div class=\"fusion-builder-row fusion-row\"><div class=\"fusion-layout-column fusion_builder_column fusion-builder-column-0 fusion_builder_column_1_3 1_3 fusion-one-third fusion-column-first\" style=\"--awb-bg-size:cover;width:33.333333333333%;width:calc(33.333333333333% - ( ( 4% ) * 0.33333333333333 ) );margin-right: 4%;\"><div class=\"fusion-column-wrapper fusion-flex-column-wrapper-legacy\"><div class=\"fusion-text fusion-text-1\"><h4>Impressum<\/h4>\n<p><strong>HCG Happycar Spedition GmbH<\/strong><br \/>\nReichendorf 119<br \/>\nA-8212 Pischelsdorf<br \/>\n\u00d6sterreich<\/p>\n<p>M: +43 664 51 33 467<br \/>\nE: <a href=\"mailto:office@happycar.at\">office@happycar.at<\/a><\/p>\n<p>Firmenbuchnummer: 521784f<br \/>\nFirmenbuchgericht: Landesgericht f\u00fcr ZRS Graz<br \/>\nUID-Nummer: ATU 74902858<\/p>\n<h4>Unsere Firmendaten lt. ECG<\/h4>\n<p><strong>Gesch\u00e4ftsf\u00fchrer<\/strong><br \/>\nMichaela Glaser<\/p>\n<p><strong>Umsetzung Webseite<\/strong><br \/>\nWORLDGRAFX &#8211; <a href=\"https:\/\/www.worldgrafx.com\" target=\"_blank\" rel=\"noopener noreferrer\">www.worldgrafx.com<\/a><\/p>\n<\/div><div class=\"fusion-clearfix\"><\/div><\/div><\/div><div class=\"fusion-layout-column fusion_builder_column fusion-builder-column-1 fusion_builder_column_2_3 2_3 fusion-two-third fusion-column-last\" style=\"--awb-bg-size:cover;width:66.666666666667%;width:calc(66.666666666667% - ( ( 4% ) * 0.66666666666667 ) );\"><div class=\"fusion-column-wrapper fusion-flex-column-wrapper-legacy\"><div class=\"fusion-text fusion-text-2\"><h4>Urheberrecht<\/h4>\n<p><strong>\u00a9 COPYRIGHT <script>document.write(new Date().getFullYear());<\/script> &#8211; HCG Happycar Spedition GmbH.<\/strong> Alle Rechte vorbehalten. Die Inhalte dieser Website sind urheberrechtlich gesch\u00fctzt. Informationen auf dieser Website einschlie\u00dflich Texten, Bildern und Sounds, d\u00fcrfen nicht, sofern nicht ausdr\u00fccklich anders bestimmt, vervielf\u00e4ltigt, transferiert, vertrieben oder gespeichert werden ohne schriftliche Genehmigung der HCG Happycar Spedition GmbH. Modifikationen des Inhalts dieser Website sind ausdr\u00fccklich untersagt.<\/p>\n<h4>Haftungsausschluss<\/h4>\n<p>Obwohl bei der Zusammenstellung der auf unseren Webseiten enthaltenen Informationen gr\u00f6\u00dfte Sorgfalt angewandt wurde, k\u00f6nnen wir f\u00fcr die Aktualit\u00e4t, Richtigkeit oder Vollst\u00e4ndigkeit keine Gew\u00e4hr \u00fcbernehmen. Haftungsanspr\u00fcche gegen uns, die sich auf Sch\u00e4den materieller oder ideeller Art beziehen, welche durch die Nutzung oder Nichtnutzung der dargebotenen Informationen oder durch fehlerhafte und unvollst\u00e4ndige Informationen verursacht wurden, sind grunds\u00e4tzlich ausgeschlossen. Wir behalten uns \u00c4nderungen der Informationen auf diesem Server ohne vorherige Ank\u00fcndigung vor. Alle Angebote sind freibleibend und unverbindlich.<\/p>\n<h4>Datenschutz<\/h4>\n<p><a href=\"https:\/\/www.happycar.at\/?page_id=466\" rel=\"noopener noreferrer\">Datenschutzerklaerung<\/a><\/p>\n<h4>Bildnachweis<\/h4>\n<p>\u00a9 Adobe Stock<\/p>\n<\/div><div class=\"fusion-clearfix\"><\/div><\/div><\/div><\/div><\/div>\n","protected":false},"excerpt":{"rendered":"","protected":false},"author":1,"featured_media":0,"parent":193,"menu_order":0,"comment_status":"closed","ping_status":"closed","template":"","meta":{"footnotes":""},"class_list":["post-19","page","type-page","status-publish","hentry"],"_links":{"self":[{"href":"https:\/\/www.happycar.at\/index.php?rest_route=\/wp\/v2\/pages\/19"}],"collection":[{"href":"https:\/\/www.happycar.at\/index.php?rest_route=\/wp\/v2\/pages"}],"about":[{"href":"https:\/\/www.happycar.at\/index.php?rest_route=\/wp\/v2\/types\/page"}],"author":[{"embeddable":true,"href":"https:\/\/www.happycar.at\/index.php?rest_route=\/wp\/v2\/users\/1"}],"replies":[{"embeddable":true,"href":"https:\/\/www.happycar.at\/index.php?rest_route=%2Fwp%2Fv2%2Fcomments&post=19"}],"version-history":[{"count":12,"href":"https:\/\/www.happycar.at\/index.php?rest_route=\/wp\/v2\/pages\/19\/revisions"}],"predecessor-version":[{"id":1027,"href":"https:\/\/www.happycar.at\/index.php?rest_route=\/wp\/v2\/pages\/19\/revisions\/1027"}],"up":[{"embeddable":true,"href":"https:\/\/www.happycar.at\/index.php?rest_route=\/wp\/v2\/pages\/193"}],"wp:attachment":[{"href":"https:\/\/www.happycar.at\/index.php?rest_route=%2Fwp%2Fv2%2Fmedia&parent=19"}],"curies":[{"name":"wp","href":"https:\/\/api.w.org\/{rel}","templated":true}]}}